{"id":10,"date":"2024-12-18T16:05:39","date_gmt":"2024-12-18T19:05:39","guid":{"rendered":"https:\/\/linkspremiumevolua.com.br\/sampa\/?page_id=10"},"modified":"2025-08-14T22:27:19","modified_gmt":"2025-08-15T01:27:19","slug":"links-premium","status":"publish","type":"page","link":"https:\/\/linkspremiumagencia.com.br\/carolinaalomarketing\/","title":{"rendered":"Links Premium"},"content":{"rendered":"\t\t<div data-elementor-type=\"wp-page\" data-elementor-id=\"10\" class=\"elementor elementor-10\">\n\t\t\t\t<div class=\"elementor-element elementor-element-5d4e848b e-flex e-con-boxed e-con e-parent\" data-id=\"5d4e848b\" data-element_type=\"container\" data-settings=\"{&quot;background_background&quot;:&quot;classic&quot;}\">\n\t\t\t\t\t<div class=\"e-con-inner\">\n\t\t\t\t<div class=\"elementor-element elementor-element-1580b3ad elementor-widget__width-initial elementor-invisible elementor-widget elementor-widget-image\" data-id=\"1580b3ad\" data-element_type=\"widget\" data-settings=\"{&quot;_animation&quot;:&quot;fadeInDown&quot;}\" data-widget_type=\"image.default\">\n\t\t\t\t<div class=\"elementor-widget-container\">\n\t\t\t\t\t\t\t\t\t\t\t\t\t\t\t<img fetchpriority=\"high\" decoding=\"async\" width=\"800\" height=\"308\" src=\"https:\/\/linkspremiumagencia.com.br\/carolinaalomarketing\/wp-content\/uploads\/2025\/08\/logo.webp\" class=\"attachment-large size-large wp-image-192\" alt=\"\" srcset=\"https:\/\/linkspremiumagencia.com.br\/carolinaalomarketing\/wp-content\/uploads\/2025\/08\/logo.webp 999w, https:\/\/linkspremiumagencia.com.br\/carolinaalomarketing\/wp-content\/uploads\/2025\/08\/logo-300x116.webp 300w, https:\/\/linkspremiumagencia.com.br\/carolinaalomarketing\/wp-content\/uploads\/2025\/08\/logo-768x296.webp 768w\" sizes=\"(max-width: 800px) 100vw, 800px\" \/>\t\t\t\t\t\t\t\t\t\t\t\t\t\t\t<\/div>\n\t\t\t\t<\/div>\n\t\t\t\t<div class=\"elementor-element elementor-element-b1721fc elementor-widget__width-inherit elementor-invisible elementor-widget elementor-widget-heading\" data-id=\"b1721fc\" data-element_type=\"widget\" data-settings=\"{&quot;_animation&quot;:&quot;zoomIn&quot;}\" data-widget_type=\"heading.default\">\n\t\t\t\t<div class=\"elementor-widget-container\">\n\t\t\t\t\t<h2 class=\"elementor-heading-title elementor-size-default\">Ol\u00e1, Sejam<\/h2>\t\t\t\t<\/div>\n\t\t\t\t<\/div>\n\t\t\t\t<div class=\"elementor-element elementor-element-42cb39ce elementor-widget__width-inherit elementor-invisible elementor-widget elementor-widget-heading\" data-id=\"42cb39ce\" data-element_type=\"widget\" data-settings=\"{&quot;_animation&quot;:&quot;zoomIn&quot;}\" data-widget_type=\"heading.default\">\n\t\t\t\t<div class=\"elementor-widget-container\">\n\t\t\t\t\t<h2 class=\"elementor-heading-title elementor-size-default\">Bem-vindos!<\/h2>\t\t\t\t<\/div>\n\t\t\t\t<\/div>\n\t\t\t\t<div class=\"elementor-element elementor-element-1f668a3f elementor-widget__width-inherit elementor-widget-mobile__width-inherit elementor-invisible elementor-widget elementor-widget-text-editor\" data-id=\"1f668a3f\" data-element_type=\"widget\" data-settings=\"{&quot;_animation&quot;:&quot;zoomIn&quot;}\" data-widget_type=\"text-editor.default\">\n\t\t\t\t<div class=\"elementor-widget-container\">\n\t\t\t\t\t\t\t\t\t<p>Confira abaixo alguns links que ir\u00e3o te ajudar.<\/p>\t\t\t\t\t\t\t\t<\/div>\n\t\t\t\t<\/div>\n\t\t\t\t<div class=\"elementor-element elementor-element-706a6aa5 elementor-view-default elementor-invisible elementor-widget elementor-widget-icon\" data-id=\"706a6aa5\" data-element_type=\"widget\" data-settings=\"{&quot;_animation&quot;:&quot;zoomIn&quot;}\" data-widget_type=\"icon.default\">\n\t\t\t\t<div class=\"elementor-widget-container\">\n\t\t\t\t\t\t\t<div class=\"elementor-icon-wrapper\">\n\t\t\t<div class=\"elementor-icon\">\n\t\t\t<svg xmlns=\"http:\/\/www.w3.org\/2000\/svg\" height=\"512\" viewBox=\"0 0 24 24\" width=\"512\"><g id=\"Layer_2\" data-name=\"Layer 2\"><path d=\"m12 1a11 11 0 1 0 11 11 11.013 11.013 0 0 0 -11-11zm5.707 9.707-5 5a1 1 0 0 1 -1.414 0l-5-5a1 1 0 0 1 1.414-1.414l4.293 4.293 4.293-4.293a1 1 0 0 1 1.414 1.414z\"><\/path><\/g><\/svg>\t\t\t<\/div>\n\t\t<\/div>\n\t\t\t\t\t\t<\/div>\n\t\t\t\t<\/div>\n\t\t\t\t\t<\/div>\n\t\t\t\t<\/div>\n\t\t<div class=\"elementor-element elementor-element-407ca813 e-flex e-con-boxed e-con e-parent\" data-id=\"407ca813\" data-element_type=\"container\">\n\t\t\t\t\t<div class=\"e-con-inner\">\n\t\t\t\t<div class=\"elementor-element elementor-element-b834c05 elementor-widget__width-inherit elementor-invisible elementor-widget elementor-widget-image\" data-id=\"b834c05\" data-element_type=\"widget\" data-settings=\"{&quot;_animation&quot;:&quot;zoomIn&quot;}\" data-widget_type=\"image.default\">\n\t\t\t\t<div class=\"elementor-widget-container\">\n\t\t\t\t\t\t\t\t\t\t\t\t\t\t\t\t<a href=\"https:\/\/wa.me\/5532988747999?text=Ol%C3%A1%2C%20gostaria%20de%20mais%20informa%C3%A7%C3%B5es!\" target=\"_blank\">\n\t\t\t\t\t\t\t<img decoding=\"async\" width=\"2560\" height=\"776\" src=\"https:\/\/linkspremiumagencia.com.br\/carolinaalomarketing\/wp-content\/uploads\/2025\/08\/WHATSAPP-copiar-scaled.webp\" class=\"attachment-full size-full wp-image-214\" alt=\"\" srcset=\"https:\/\/linkspremiumagencia.com.br\/carolinaalomarketing\/wp-content\/uploads\/2025\/08\/WHATSAPP-copiar-scaled.webp 2560w, https:\/\/linkspremiumagencia.com.br\/carolinaalomarketing\/wp-content\/uploads\/2025\/08\/WHATSAPP-copiar-300x91.webp 300w, https:\/\/linkspremiumagencia.com.br\/carolinaalomarketing\/wp-content\/uploads\/2025\/08\/WHATSAPP-copiar-1024x310.webp 1024w, https:\/\/linkspremiumagencia.com.br\/carolinaalomarketing\/wp-content\/uploads\/2025\/08\/WHATSAPP-copiar-768x233.webp 768w, https:\/\/linkspremiumagencia.com.br\/carolinaalomarketing\/wp-content\/uploads\/2025\/08\/WHATSAPP-copiar-1536x465.webp 1536w, https:\/\/linkspremiumagencia.com.br\/carolinaalomarketing\/wp-content\/uploads\/2025\/08\/WHATSAPP-copiar-2048x621.webp 2048w\" sizes=\"(max-width: 2560px) 100vw, 2560px\" \/>\t\t\t\t\t\t\t\t<\/a>\n\t\t\t\t\t\t\t\t\t\t\t\t\t\t\t<\/div>\n\t\t\t\t<\/div>\n\t\t\t\t<div class=\"elementor-element elementor-element-72db7d61 elementor-widget__width-inherit elementor-invisible elementor-widget elementor-widget-image\" data-id=\"72db7d61\" data-element_type=\"widget\" data-settings=\"{&quot;_animation&quot;:&quot;zoomIn&quot;}\" data-widget_type=\"image.default\">\n\t\t\t\t<div class=\"elementor-widget-container\">\n\t\t\t\t\t\t\t\t\t\t\t\t\t\t\t\t<a href=\"http:\/\/carolinaalomarketing.com.br\" target=\"_blank\">\n\t\t\t\t\t\t\t<img decoding=\"async\" width=\"2560\" height=\"776\" src=\"https:\/\/linkspremiumagencia.com.br\/carolinaalomarketing\/wp-content\/uploads\/2025\/08\/SITE-scaled.webp\" class=\"attachment-full size-full wp-image-217\" alt=\"\" srcset=\"https:\/\/linkspremiumagencia.com.br\/carolinaalomarketing\/wp-content\/uploads\/2025\/08\/SITE-scaled.webp 2560w, https:\/\/linkspremiumagencia.com.br\/carolinaalomarketing\/wp-content\/uploads\/2025\/08\/SITE-300x91.webp 300w, https:\/\/linkspremiumagencia.com.br\/carolinaalomarketing\/wp-content\/uploads\/2025\/08\/SITE-1024x310.webp 1024w, https:\/\/linkspremiumagencia.com.br\/carolinaalomarketing\/wp-content\/uploads\/2025\/08\/SITE-768x233.webp 768w, https:\/\/linkspremiumagencia.com.br\/carolinaalomarketing\/wp-content\/uploads\/2025\/08\/SITE-1536x465.webp 1536w, https:\/\/linkspremiumagencia.com.br\/carolinaalomarketing\/wp-content\/uploads\/2025\/08\/SITE-2048x621.webp 2048w\" sizes=\"(max-width: 2560px) 100vw, 2560px\" \/>\t\t\t\t\t\t\t\t<\/a>\n\t\t\t\t\t\t\t\t\t\t\t\t\t\t\t<\/div>\n\t\t\t\t<\/div>\n\t\t\t\t<div class=\"elementor-element elementor-element-253f7385 elementor-widget__width-inherit elementor-invisible elementor-widget elementor-widget-image\" data-id=\"253f7385\" data-element_type=\"widget\" data-settings=\"{&quot;_animation&quot;:&quot;zoomIn&quot;}\" data-widget_type=\"image.default\">\n\t\t\t\t<div class=\"elementor-widget-container\">\n\t\t\t\t\t\t\t\t\t\t\t\t\t\t\t\t<a href=\"https:\/\/www.instagram.com\/eucarolinaalo\" target=\"_blank\">\n\t\t\t\t\t\t\t<img loading=\"lazy\" decoding=\"async\" width=\"2560\" height=\"776\" src=\"https:\/\/linkspremiumagencia.com.br\/carolinaalomarketing\/wp-content\/uploads\/2025\/08\/INSTAGRAM-copiar-scaled.webp\" class=\"attachment-full size-full wp-image-215\" alt=\"\" srcset=\"https:\/\/linkspremiumagencia.com.br\/carolinaalomarketing\/wp-content\/uploads\/2025\/08\/INSTAGRAM-copiar-scaled.webp 2560w, https:\/\/linkspremiumagencia.com.br\/carolinaalomarketing\/wp-content\/uploads\/2025\/08\/INSTAGRAM-copiar-300x91.webp 300w, https:\/\/linkspremiumagencia.com.br\/carolinaalomarketing\/wp-content\/uploads\/2025\/08\/INSTAGRAM-copiar-1024x310.webp 1024w, https:\/\/linkspremiumagencia.com.br\/carolinaalomarketing\/wp-content\/uploads\/2025\/08\/INSTAGRAM-copiar-768x233.webp 768w, https:\/\/linkspremiumagencia.com.br\/carolinaalomarketing\/wp-content\/uploads\/2025\/08\/INSTAGRAM-copiar-1536x465.webp 1536w, https:\/\/linkspremiumagencia.com.br\/carolinaalomarketing\/wp-content\/uploads\/2025\/08\/INSTAGRAM-copiar-2048x621.webp 2048w\" sizes=\"(max-width: 2560px) 100vw, 2560px\" \/>\t\t\t\t\t\t\t\t<\/a>\n\t\t\t\t\t\t\t\t\t\t\t\t\t\t\t<\/div>\n\t\t\t\t<\/div>\n\t\t\t\t<div class=\"elementor-element elementor-element-9c35883 elementor-widget__width-inherit elementor-invisible elementor-widget elementor-widget-image\" data-id=\"9c35883\" data-element_type=\"widget\" data-settings=\"{&quot;_animation&quot;:&quot;zoomIn&quot;}\" data-widget_type=\"image.default\">\n\t\t\t\t<div class=\"elementor-widget-container\">\n\t\t\t\t\t\t\t\t\t\t\t\t\t\t\t\t<a href=\"https:\/\/www.facebook.com\/share\/1Awg8USk3o\/?mibextid=wwXIfr\" target=\"_blank\">\n\t\t\t\t\t\t\t<img loading=\"lazy\" decoding=\"async\" width=\"2560\" height=\"776\" src=\"https:\/\/linkspremiumagencia.com.br\/carolinaalomarketing\/wp-content\/uploads\/2025\/08\/FACEBOOK-copiar-scaled.webp\" class=\"attachment-full size-full wp-image-212\" alt=\"\" srcset=\"https:\/\/linkspremiumagencia.com.br\/carolinaalomarketing\/wp-content\/uploads\/2025\/08\/FACEBOOK-copiar-scaled.webp 2560w, https:\/\/linkspremiumagencia.com.br\/carolinaalomarketing\/wp-content\/uploads\/2025\/08\/FACEBOOK-copiar-300x91.webp 300w, https:\/\/linkspremiumagencia.com.br\/carolinaalomarketing\/wp-content\/uploads\/2025\/08\/FACEBOOK-copiar-1024x310.webp 1024w, https:\/\/linkspremiumagencia.com.br\/carolinaalomarketing\/wp-content\/uploads\/2025\/08\/FACEBOOK-copiar-768x233.webp 768w, https:\/\/linkspremiumagencia.com.br\/carolinaalomarketing\/wp-content\/uploads\/2025\/08\/FACEBOOK-copiar-1536x465.webp 1536w, https:\/\/linkspremiumagencia.com.br\/carolinaalomarketing\/wp-content\/uploads\/2025\/08\/FACEBOOK-copiar-2048x621.webp 2048w\" sizes=\"(max-width: 2560px) 100vw, 2560px\" \/>\t\t\t\t\t\t\t\t<\/a>\n\t\t\t\t\t\t\t\t\t\t\t\t\t\t\t<\/div>\n\t\t\t\t<\/div>\n\t\t\t\t<div class=\"elementor-element elementor-element-b23b5e1 elementor-widget__width-inherit elementor-invisible elementor-widget elementor-widget-image\" data-id=\"b23b5e1\" data-element_type=\"widget\" data-settings=\"{&quot;_animation&quot;:&quot;zoomIn&quot;}\" data-widget_type=\"image.default\">\n\t\t\t\t<div class=\"elementor-widget-container\">\n\t\t\t\t\t\t\t\t\t\t\t\t\t\t\t\t<a href=\"https:\/\/www.linkedin.com\/in\/carolina-al%C3%B3-3a407714?%20utm_source=share&#038;utm_campaign=share_via&#038;utm_content=prole&#038;utm_%20medium=ios_app\" target=\"_blank\">\n\t\t\t\t\t\t\t<img loading=\"lazy\" decoding=\"async\" width=\"2560\" height=\"776\" src=\"https:\/\/linkspremiumagencia.com.br\/carolinaalomarketing\/wp-content\/uploads\/2025\/08\/lin-scaled.webp\" class=\"attachment-full size-full wp-image-211\" alt=\"\" srcset=\"https:\/\/linkspremiumagencia.com.br\/carolinaalomarketing\/wp-content\/uploads\/2025\/08\/lin-scaled.webp 2560w, https:\/\/linkspremiumagencia.com.br\/carolinaalomarketing\/wp-content\/uploads\/2025\/08\/lin-300x91.webp 300w, https:\/\/linkspremiumagencia.com.br\/carolinaalomarketing\/wp-content\/uploads\/2025\/08\/lin-1024x310.webp 1024w, https:\/\/linkspremiumagencia.com.br\/carolinaalomarketing\/wp-content\/uploads\/2025\/08\/lin-768x233.webp 768w, https:\/\/linkspremiumagencia.com.br\/carolinaalomarketing\/wp-content\/uploads\/2025\/08\/lin-1536x465.webp 1536w, https:\/\/linkspremiumagencia.com.br\/carolinaalomarketing\/wp-content\/uploads\/2025\/08\/lin-2048x621.webp 2048w\" sizes=\"(max-width: 2560px) 100vw, 2560px\" \/>\t\t\t\t\t\t\t\t<\/a>\n\t\t\t\t\t\t\t\t\t\t\t\t\t\t\t<\/div>\n\t\t\t\t<\/div>\n\t\t\t\t<div class=\"elementor-element elementor-element-30b048f0 elementor-widget__width-inherit elementor-invisible elementor-widget elementor-widget-image\" data-id=\"30b048f0\" data-element_type=\"widget\" data-settings=\"{&quot;_animation&quot;:&quot;zoomIn&quot;}\" data-widget_type=\"image.default\">\n\t\t\t\t<div class=\"elementor-widget-container\">\n\t\t\t\t\t\t\t\t\t\t\t\t\t\t\t\t<a href=\"mailto:carolina@carolinaalomarketing.com.br\" target=\"_blank\">\n\t\t\t\t\t\t\t<img loading=\"lazy\" decoding=\"async\" width=\"2560\" height=\"776\" src=\"https:\/\/linkspremiumagencia.com.br\/carolinaalomarketing\/wp-content\/uploads\/2025\/08\/E-MAIL-copiar-scaled.webp\" class=\"attachment-full size-full wp-image-210\" alt=\"\" srcset=\"https:\/\/linkspremiumagencia.com.br\/carolinaalomarketing\/wp-content\/uploads\/2025\/08\/E-MAIL-copiar-scaled.webp 2560w, https:\/\/linkspremiumagencia.com.br\/carolinaalomarketing\/wp-content\/uploads\/2025\/08\/E-MAIL-copiar-300x91.webp 300w, https:\/\/linkspremiumagencia.com.br\/carolinaalomarketing\/wp-content\/uploads\/2025\/08\/E-MAIL-copiar-1024x310.webp 1024w, https:\/\/linkspremiumagencia.com.br\/carolinaalomarketing\/wp-content\/uploads\/2025\/08\/E-MAIL-copiar-768x233.webp 768w, https:\/\/linkspremiumagencia.com.br\/carolinaalomarketing\/wp-content\/uploads\/2025\/08\/E-MAIL-copiar-1536x465.webp 1536w, https:\/\/linkspremiumagencia.com.br\/carolinaalomarketing\/wp-content\/uploads\/2025\/08\/E-MAIL-copiar-2048x621.webp 2048w\" sizes=\"(max-width: 2560px) 100vw, 2560px\" \/>\t\t\t\t\t\t\t\t<\/a>\n\t\t\t\t\t\t\t\t\t\t\t\t\t\t\t<\/div>\n\t\t\t\t<\/div>\n\t\t\t\t\t<\/div>\n\t\t\t\t<\/div>\n\t\t<div class=\"elementor-element elementor-element-3e7a804 e-flex e-con-boxed e-con e-parent\" data-id=\"3e7a804\" data-element_type=\"container\" data-settings=\"{&quot;background_background&quot;:&quot;classic&quot;}\">\n\t\t\t\t\t<div class=\"e-con-inner\">\n\t\t\t\t<div class=\"elementor-element elementor-element-329c3d9 elementor-widget-mobile__width-inherit elementor-widget__width-initial titulo-gradiente elementor-invisible elementor-widget elementor-widget-image-box\" data-id=\"329c3d9\" data-element_type=\"widget\" id=\"titulo-posts\" data-settings=\"{&quot;_animation&quot;:&quot;fadeInLeft&quot;}\" data-widget_type=\"image-box.default\">\n\t\t\t\t<div class=\"elementor-widget-container\">\n\t\t\t\t\t<div class=\"elementor-image-box-wrapper\"><div class=\"elementor-image-box-content\"><h3 class=\"elementor-image-box-title\">Conhe\u00e7a alguma das nossas postagens<\/h3><p class=\"elementor-image-box-description\">Acompanhe nossas postagens no Instagram e fique por dentro de dicas, novidades e cases de sucesso que impulsionam neg\u00f3cios no digital!<\/p><\/div><\/div>\t\t\t\t<\/div>\n\t\t\t\t<\/div>\n\t\t\t\t<div class=\"elementor-element elementor-element-70478ef elementor-widget__width-initial elementor-invisible elementor-widget elementor-widget-image-carousel\" data-id=\"70478ef\" data-element_type=\"widget\" data-settings=\"{&quot;slides_to_show&quot;:&quot;2&quot;,&quot;lazyload&quot;:&quot;yes&quot;,&quot;autoplay_speed&quot;:0,&quot;speed&quot;:5000,&quot;slides_to_show_mobile&quot;:&quot;1&quot;,&quot;navigation&quot;:&quot;none&quot;,&quot;_animation&quot;:&quot;fadeInRight&quot;,&quot;autoplay&quot;:&quot;yes&quot;,&quot;pause_on_hover&quot;:&quot;yes&quot;,&quot;pause_on_interaction&quot;:&quot;yes&quot;,&quot;infinite&quot;:&quot;yes&quot;,&quot;image_spacing_custom&quot;:{&quot;unit&quot;:&quot;px&quot;,&quot;size&quot;:20,&quot;sizes&quot;:[]},&quot;image_spacing_custom_tablet&quot;:{&quot;unit&quot;:&quot;px&quot;,&quot;size&quot;:&quot;&quot;,&quot;sizes&quot;:[]}}\" data-widget_type=\"image-carousel.default\">\n\t\t\t\t<div class=\"elementor-widget-container\">\n\t\t\t\t\t\t\t<div class=\"elementor-image-carousel-wrapper swiper\" role=\"region\" aria-roledescription=\"carousel\" aria-label=\"Carrossel de imagens\" dir=\"ltr\">\n\t\t\t<div class=\"elementor-image-carousel swiper-wrapper\" aria-live=\"off\">\n\t\t\t\t\t\t\t\t<div class=\"swiper-slide\" role=\"group\" aria-roledescription=\"slide\" aria-label=\"1 de 7\"><figure class=\"swiper-slide-inner\"><img class=\"swiper-slide-image swiper-lazy\" data-src=\"https:\/\/linkspremiumagencia.com.br\/carolinaalomarketing\/wp-content\/uploads\/2025\/08\/ARTE-7-WHITE-LABEL-copiar.webp\" alt=\"ARTE 7 (WHITE LABEL) copiar\" \/><div class=\"swiper-lazy-preloader\"><\/div><\/figure><\/div><div class=\"swiper-slide\" role=\"group\" aria-roledescription=\"slide\" aria-label=\"2 de 7\"><figure class=\"swiper-slide-inner\"><img class=\"swiper-slide-image swiper-lazy\" data-src=\"https:\/\/linkspremiumagencia.com.br\/carolinaalomarketing\/wp-content\/uploads\/2025\/08\/ARTE-1-WHITE-LABEL-copiar.webp\" alt=\"ARTE 1 (WHITE LABEL) copiar\" \/><div class=\"swiper-lazy-preloader\"><\/div><\/figure><\/div><div class=\"swiper-slide\" role=\"group\" aria-roledescription=\"slide\" aria-label=\"3 de 7\"><figure class=\"swiper-slide-inner\"><img class=\"swiper-slide-image swiper-lazy\" data-src=\"https:\/\/linkspremiumagencia.com.br\/carolinaalomarketing\/wp-content\/uploads\/2025\/08\/ARTE-2-WHITE-LABEL-copiar.webp\" alt=\"ARTE 2 (WHITE LABEL) copiar\" \/><div class=\"swiper-lazy-preloader\"><\/div><\/figure><\/div><div class=\"swiper-slide\" role=\"group\" aria-roledescription=\"slide\" aria-label=\"4 de 7\"><figure class=\"swiper-slide-inner\"><img class=\"swiper-slide-image swiper-lazy\" data-src=\"https:\/\/linkspremiumagencia.com.br\/carolinaalomarketing\/wp-content\/uploads\/2025\/08\/ARTE-3-WHITE-LABEL-copiar.webp\" alt=\"ARTE 3 (WHITE LABEL) copiar\" \/><div class=\"swiper-lazy-preloader\"><\/div><\/figure><\/div><div class=\"swiper-slide\" role=\"group\" aria-roledescription=\"slide\" aria-label=\"5 de 7\"><figure class=\"swiper-slide-inner\"><img class=\"swiper-slide-image swiper-lazy\" data-src=\"https:\/\/linkspremiumagencia.com.br\/carolinaalomarketing\/wp-content\/uploads\/2025\/08\/ARTE-4-WHITE-LABEL-copiar.webp\" alt=\"ARTE 4 (WHITE LABEL) copiar\" \/><div class=\"swiper-lazy-preloader\"><\/div><\/figure><\/div><div class=\"swiper-slide\" role=\"group\" aria-roledescription=\"slide\" aria-label=\"6 de 7\"><figure class=\"swiper-slide-inner\"><img class=\"swiper-slide-image swiper-lazy\" data-src=\"https:\/\/linkspremiumagencia.com.br\/carolinaalomarketing\/wp-content\/uploads\/2025\/08\/ARTE-5-WHITE-LABEL-copiar.webp\" alt=\"ARTE 5 (WHITE LABEL) copiar\" \/><div class=\"swiper-lazy-preloader\"><\/div><\/figure><\/div><div class=\"swiper-slide\" role=\"group\" aria-roledescription=\"slide\" aria-label=\"7 de 7\"><figure class=\"swiper-slide-inner\"><img class=\"swiper-slide-image swiper-lazy\" data-src=\"https:\/\/linkspremiumagencia.com.br\/carolinaalomarketing\/wp-content\/uploads\/2025\/08\/ARTE-6-WHITE-LABEL-copiar.webp\" alt=\"ARTE 6 (WHITE LABEL) copiar\" \/><div class=\"swiper-lazy-preloader\"><\/div><\/figure><\/div>\t\t\t<\/div>\n\t\t\t\t\t\t\t\n\t\t\t\t\t\t\t\t\t<\/div>\n\t\t\t\t\t\t<\/div>\n\t\t\t\t<\/div>\n\t\t\t\t\t<\/div>\n\t\t\t\t<\/div>\n\t\t<div class=\"elementor-element elementor-element-6a7e1c05 e-flex e-con-boxed e-con e-parent\" data-id=\"6a7e1c05\" data-element_type=\"container\">\n\t\t\t\t\t<div class=\"e-con-inner\">\n\t\t\t\t<div class=\"elementor-element elementor-element-14ae5fec elementor-widget__width-initial elementor-widget-mobile__width-inherit elementor-invisible elementor-widget elementor-widget-image\" data-id=\"14ae5fec\" data-element_type=\"widget\" data-settings=\"{&quot;_animation&quot;:&quot;fadeInLeft&quot;}\" data-widget_type=\"image.default\">\n\t\t\t\t<div class=\"elementor-widget-container\">\n\t\t\t\t\t\t\t\t\t\t\t\t\t\t\t<img loading=\"lazy\" decoding=\"async\" width=\"800\" height=\"533\" src=\"https:\/\/linkspremiumagencia.com.br\/carolinaalomarketing\/wp-content\/uploads\/2025\/08\/Quemsomos.webp\" class=\"attachment-large size-large wp-image-252\" alt=\"\" srcset=\"https:\/\/linkspremiumagencia.com.br\/carolinaalomarketing\/wp-content\/uploads\/2025\/08\/Quemsomos.webp 1020w, https:\/\/linkspremiumagencia.com.br\/carolinaalomarketing\/wp-content\/uploads\/2025\/08\/Quemsomos-300x200.webp 300w, https:\/\/linkspremiumagencia.com.br\/carolinaalomarketing\/wp-content\/uploads\/2025\/08\/Quemsomos-768x512.webp 768w\" sizes=\"(max-width: 800px) 100vw, 800px\" \/>\t\t\t\t\t\t\t\t\t\t\t\t\t\t\t<\/div>\n\t\t\t\t<\/div>\n\t\t<div class=\"elementor-element elementor-element-7cb66bf0 e-con-full e-flex elementor-invisible e-con e-child\" data-id=\"7cb66bf0\" data-element_type=\"container\" data-settings=\"{&quot;animation&quot;:&quot;fadeInRight&quot;}\">\n\t\t\t\t<div class=\"elementor-element elementor-element-6ba76b16 titulo-gradiente elementor-widget elementor-widget-heading\" data-id=\"6ba76b16\" data-element_type=\"widget\" data-widget_type=\"heading.default\">\n\t\t\t\t<div class=\"elementor-widget-container\">\n\t\t\t\t\t<h2 class=\"elementor-heading-title elementor-size-default\">Quem sou<\/h2>\t\t\t\t<\/div>\n\t\t\t\t<\/div>\n\t\t\t\t<div class=\"elementor-element elementor-element-6f65ce3f elementor-widget elementor-widget-text-editor\" data-id=\"6f65ce3f\" data-element_type=\"widget\" data-widget_type=\"text-editor.default\">\n\t\t\t\t<div class=\"elementor-widget-container\">\n\t\t\t\t\t\t\t\t\t<p data-start=\"113\" data-end=\"589\">Ol\u00e1, meu nome \u00e9 Carolina Al\u00f3 e sou formada em Comunica\u00e7\u00e3o e possuo MBA em Marketing, al\u00e9m de especializa\u00e7\u00e3o em Marketing Digital para Gestores P\u00fablicos e Comunica\u00e7\u00e3o Integrada em Redes Sociais e Imprensa.<\/p><p data-start=\"113\" data-end=\"589\">Atuo h\u00e1 anos na \u00e1rea de marketing, com experi\u00eancia s\u00f3lida em campanhas pol\u00edticas, estrat\u00e9gias digitais e gest\u00e3o de marcas. Acredito no poder transformador das redes sociais e nas oportunidades que o ambiente digital oferece para empresas e pessoas que querem crescer.<\/p><p data-start=\"591\" data-end=\"878\">Hoje, sou licenciada autorizada da Evolua Mentoria em Muria\u00e9-MG e regi\u00e3o, representando uma das ag\u00eancias que mais cresce no Brasil. A Evolua j\u00e1 transformou os neg\u00f3cios de milhares de empreendedores, com o suporte de uma equipe com quase 30 especialistas em diversas \u00e1reas do marketing.<\/p><p data-start=\"880\" data-end=\"1086\">Toda essa estrutura est\u00e1 \u00e0 sua disposi\u00e7\u00e3o para alavancar o faturamento da sua empresa e fortalecer sua presen\u00e7a no digital.<br data-start=\"1003\" data-end=\"1006\" \/>Se voc\u00ea deseja impulsionar seus resultados no digital, estou aqui para ajudar!<\/p><p data-start=\"1088\" data-end=\"1137\">EVOLUA voc\u00ea tamb\u00e9m. Atinja o seu pr\u00f3ximo n\u00edvel!!<\/p>\t\t\t\t\t\t\t\t<\/div>\n\t\t\t\t<\/div>\n\t\t\t\t<\/div>\n\t\t\t\t\t<\/div>\n\t\t\t\t<\/div>\n\t\t<div class=\"elementor-element elementor-element-514a1f36 e-flex e-con-boxed e-con e-parent\" data-id=\"514a1f36\" data-element_type=\"container\" data-settings=\"{&quot;background_background&quot;:&quot;classic&quot;}\">\n\t\t\t\t\t<div class=\"e-con-inner\">\n\t\t\t\t<div class=\"elementor-element elementor-element-2e74b393 elementor-widget elementor-widget-text-editor\" data-id=\"2e74b393\" data-element_type=\"widget\" data-widget_type=\"text-editor.default\">\n\t\t\t\t<div class=\"elementor-widget-container\">\n\t\t\t\t\t\t\t\t\t<p>Carolina Al\u00f3 Marketing 2025 \u00a9 &#8211; Todos os Direitos Reservados<\/p>\t\t\t\t\t\t\t\t<\/div>\n\t\t\t\t<\/div>\n\t\t\t\t<div class=\"elementor-element elementor-element-40118436 elementor-widget-mobile__width-inherit elementor-widget elementor-widget-text-editor\" data-id=\"40118436\" data-element_type=\"widget\" data-widget_type=\"text-editor.default\">\n\t\t\t\t<div class=\"elementor-widget-container\">\n\t\t\t\t\t\t\t\t\t<p>Desenvolvido pela <a href=\"http:\/\/evoluamentoria.com.br\" target=\"_blank\" rel=\"noopener\">Evolua Mentoria<\/a><\/p>\t\t\t\t\t\t\t\t<\/div>\n\t\t\t\t<\/div>\n\t\t\t\t\t<\/div>\n\t\t\t\t<\/div>\n\t\t\t\t<\/div>\n\t\t","protected":false},"excerpt":{"rendered":"<p>Ol\u00e1, Sejam Bem-vindos! Confira abaixo alguns links que ir\u00e3o te ajudar. Conhe\u00e7a alguma das nossas postagens Acompanhe nossas postagens no Instagram e fique por dentro de dicas, novidades e cases de sucesso que impulsionam neg\u00f3cios no digital! Quem sou Ol\u00e1, meu nome \u00e9 Carolina Al\u00f3 e sou formada em Comunica\u00e7\u00e3o e possuo MBA em Marketing, al\u00e9m de especializa\u00e7\u00e3o em Marketing Digital para Gestores P\u00fablicos e Comunica\u00e7\u00e3o Integrada em Redes Sociais e Imprensa. Atuo h\u00e1 anos na \u00e1rea de marketing, com experi\u00eancia s\u00f3lida em campanhas pol\u00edticas, estrat\u00e9gias digitais e gest\u00e3o de marcas. Acredito no poder transformador das redes sociais e nas oportunidades que o ambiente digital oferece para empresas e pessoas que querem crescer. Hoje, sou licenciada autorizada da Evolua Mentoria em Muria\u00e9-MG e regi\u00e3o, representando uma das ag\u00eancias que mais cresce no Brasil. A Evolua j\u00e1 transformou os neg\u00f3cios de milhares de empreendedores, com o suporte de uma equipe com quase 30 especialistas em diversas \u00e1reas do marketing. Toda essa estrutura est\u00e1 \u00e0 sua disposi\u00e7\u00e3o para alavancar o faturamento da sua empresa e fortalecer sua presen\u00e7a no digital.Se voc\u00ea deseja impulsionar seus resultados no digital, estou aqui para ajudar! EVOLUA voc\u00ea tamb\u00e9m. Atinja o seu pr\u00f3ximo n\u00edvel!! Carolina Al\u00f3 Marketing 2025 \u00a9 &#8211; Todos os Direitos Reservados Desenvolvido pela Evolua Mentoria<\/p>\n","protected":false},"author":1,"featured_media":0,"parent":0,"menu_order":0,"comment_status":"closed","ping_status":"closed","template":"elementor_canvas","meta":{"footnotes":""},"class_list":["post-10","page","type-page","status-publish","hentry"],"_links":{"self":[{"href":"https:\/\/linkspremiumagencia.com.br\/carolinaalomarketing\/wp-json\/wp\/v2\/pages\/10","targetHints":{"allow":["GET"]}}],"collection":[{"href":"https:\/\/linkspremiumagencia.com.br\/carolinaalomarketing\/wp-json\/wp\/v2\/pages"}],"about":[{"href":"https:\/\/linkspremiumagencia.com.br\/carolinaalomarketing\/wp-json\/wp\/v2\/types\/page"}],"author":[{"embeddable":true,"href":"https:\/\/linkspremiumagencia.com.br\/carolinaalomarketing\/wp-json\/wp\/v2\/users\/1"}],"replies":[{"embeddable":true,"href":"https:\/\/linkspremiumagencia.com.br\/carolinaalomarketing\/wp-json\/wp\/v2\/comments?post=10"}],"version-history":[{"count":148,"href":"https:\/\/linkspremiumagencia.com.br\/carolinaalomarketing\/wp-json\/wp\/v2\/pages\/10\/revisions"}],"predecessor-version":[{"id":258,"href":"https:\/\/linkspremiumagencia.com.br\/carolinaalomarketing\/wp-json\/wp\/v2\/pages\/10\/revisions\/258"}],"wp:attachment":[{"href":"https:\/\/linkspremiumagencia.com.br\/carolinaalomarketing\/wp-json\/wp\/v2\/media?parent=10"}],"curies":[{"name":"wp","href":"https:\/\/api.w.org\/{rel}","templated":true}]}}